{"id":4,"date":"2011-05-07T09:25:33","date_gmt":"2011-05-07T09:25:33","guid":{"rendered":"http:\/\/fewo-niemtsch.de\/wordpress\/?page_id=4"},"modified":"2023-01-02T18:43:23","modified_gmt":"2023-01-02T18:43:23","slug":"ferienwohnung","status":"publish","type":"page","link":"http:\/\/fewo-niemtsch.de\/index.php\/ferienwohnung\/","title":{"rendered":"Ferienwohnung"},"content":{"rendered":"<h1>Unsere Ferienwohnung am Senftenberger See<\/h1>\n<p>Wir begr\u00fc\u00dfen Sie in unserer modernen Ferienwohnung direkt am Senftenberger See im Ortsteil Niemtsch der Stadt Senftenberg. Sie haben ca. 250 m Fu\u00dfweg zum Strand, etwa 2 km zur n\u00e4chsten Einkaufsm\u00f6glichkeit und ca. 2 km bis in das Stadtzentrum von Senftenberg.<\/p>\n<p><a href=\"http:\/\/fewo-niemtsch.de\/wordpress\/wp-content\/uploads\/2012\/04\/ferienwohnung-am-senftenberger-see.jpg\"><img decoding=\"async\" loading=\"lazy\" class=\"alignleft size-thumbnail wp-image-263\" title=\"Ferienwohnung am Senftenberger See\" src=\"http:\/\/fewo-niemtsch.de\/wordpress\/wp-content\/uploads\/2012\/04\/ferienwohnung-am-senftenberger-see-150-112.jpg\" alt=\"\" width=\"150\" height=\"112\" \/><\/a><a href=\"http:\/\/fewo-niemtsch.de\/wordpress\/wp-content\/uploads\/2011\/06\/Zimmer01.jpg\"><img decoding=\"async\" loading=\"lazy\" class=\"alignleft size-thumbnail wp-image-267\" title=\"Zimmer01\" src=\"http:\/\/fewo-niemtsch.de\/wordpress\/wp-content\/uploads\/2011\/06\/Zimmer01-150x112.jpg\" alt=\"\" width=\"150\" height=\"112\" srcset=\"http:\/\/fewo-niemtsch.de\/wordpress\/wp-content\/uploads\/2011\/06\/Zimmer01-150x112.jpg 150w, http:\/\/fewo-niemtsch.de\/wordpress\/wp-content\/uploads\/2011\/06\/Zimmer01-300x225.jpg 300w, http:\/\/fewo-niemtsch.de\/wordpress\/wp-content\/uploads\/2011\/06\/Zimmer01.jpg 500w\" sizes=\"(max-width: 150px) 100vw, 150px\" \/><\/a><a href=\"http:\/\/fewo-niemtsch.de\/wordpress\/wp-content\/uploads\/2011\/06\/Zimmer02.jpg\"><img decoding=\"async\" loading=\"lazy\" class=\"alignleft size-thumbnail wp-image-262\" title=\"Zimmer02\" src=\"http:\/\/fewo-niemtsch.de\/wordpress\/wp-content\/uploads\/2011\/06\/Zimmer02-150x112.jpg\" alt=\"\" width=\"150\" height=\"112\" srcset=\"http:\/\/fewo-niemtsch.de\/wordpress\/wp-content\/uploads\/2011\/06\/Zimmer02-150x112.jpg 150w, http:\/\/fewo-niemtsch.de\/wordpress\/wp-content\/uploads\/2011\/06\/Zimmer02-300x225.jpg 300w, http:\/\/fewo-niemtsch.de\/wordpress\/wp-content\/uploads\/2011\/06\/Zimmer02.jpg 500w\" sizes=\"(max-width: 150px) 100vw, 150px\" \/><\/a><a href=\"http:\/\/fewo-niemtsch.de\/wordpress\/wp-content\/uploads\/2011\/06\/Kueche02.jpg\"><img decoding=\"async\" loading=\"lazy\" class=\"alignleft size-thumbnail wp-image-264\" title=\"Kueche02\" src=\"http:\/\/fewo-niemtsch.de\/wordpress\/wp-content\/uploads\/2011\/06\/Kueche02-150x112.jpg\" alt=\"\" width=\"150\" height=\"112\" srcset=\"http:\/\/fewo-niemtsch.de\/wordpress\/wp-content\/uploads\/2011\/06\/Kueche02-150x112.jpg 150w, http:\/\/fewo-niemtsch.de\/wordpress\/wp-content\/uploads\/2011\/06\/Kueche02-300x225.jpg 300w, http:\/\/fewo-niemtsch.de\/wordpress\/wp-content\/uploads\/2011\/06\/Kueche02.jpg 500w\" sizes=\"(max-width: 150px) 100vw, 150px\" \/><\/a><a href=\"http:\/\/fewo-niemtsch.de\/wordpress\/wp-content\/uploads\/2011\/06\/Bad01.jpg\"><img decoding=\"async\" loading=\"lazy\" class=\"alignleft size-thumbnail wp-image-261\" title=\"Bad01\" src=\"http:\/\/fewo-niemtsch.de\/wordpress\/wp-content\/uploads\/2011\/06\/Bad01-150x112.jpg\" alt=\"\" width=\"150\" height=\"112\" srcset=\"http:\/\/fewo-niemtsch.de\/wordpress\/wp-content\/uploads\/2011\/06\/Bad01-150x112.jpg 150w, http:\/\/fewo-niemtsch.de\/wordpress\/wp-content\/uploads\/2011\/06\/Bad01-300x225.jpg 300w, http:\/\/fewo-niemtsch.de\/wordpress\/wp-content\/uploads\/2011\/06\/Bad01.jpg 500w\" sizes=\"(max-width: 150px) 100vw, 150px\" \/><\/a><a href=\"http:\/\/fewo-niemtsch.de\/wordpress\/wp-content\/uploads\/2011\/06\/Sitzecke.jpg\"><img decoding=\"async\" loading=\"lazy\" class=\"alignleft size-thumbnail wp-image-266\" title=\"Sitzecke\" src=\"http:\/\/fewo-niemtsch.de\/wordpress\/wp-content\/uploads\/2011\/06\/Sitzecke-150x112.jpg\" alt=\"\" width=\"150\" height=\"112\" srcset=\"http:\/\/fewo-niemtsch.de\/wordpress\/wp-content\/uploads\/2011\/06\/Sitzecke-150x112.jpg 150w, http:\/\/fewo-niemtsch.de\/wordpress\/wp-content\/uploads\/2011\/06\/Sitzecke-300x225.jpg 300w, http:\/\/fewo-niemtsch.de\/wordpress\/wp-content\/uploads\/2011\/06\/Sitzecke.jpg 500w\" sizes=\"(max-width: 150px) 100vw, 150px\" \/><\/a><\/p>\n<p><strong>Ausstattung der Ferienwohnung:<\/strong><\/p>\n<ul>\n<li>ca. 35 qm f\u00fcr 2 Personen<\/li>\n<li>Doppelbett<\/li>\n<li>Moderne Einbauk\u00fcche inkl. aller elektronischen Ger\u00e4te (Toaster, Wasserkocher, Kaffeemaschine, K\u00fchlschrank mit Gefrierfach, Mikrowelle)<\/li>\n<li>TV \/ W Lan<\/li>\n<li>Bad mit Dusche und WC<\/li>\n<li>Terrasse mit Grill<\/li>\n<li>PKW Stellplatz<\/li>\n<li>abschlie\u00dfbarer Fahrradstellplatz<\/li>\n<\/ul>\n<p><strong>Lage:<\/strong><\/p>\n<p>Die Stadt Senftenberg mit Ihrem Ortsteil Niemtsch liegt direkt im zuk\u00fcnftigen Lausitzer Seenland im S\u00fcden Brandenburgs. Dresden liegt nur ca. 60 km und die Hauptstadt Berlin ca. 100 km entfernt.<\/p>\n<p>Die Senftenberger Innenstadt k\u00f6nnen Sie mit dem Rad in 10 Minuten und den Eurospeedway Lausitz in 15 Autominuten erreichen.<\/p>\n<p>Den Strandabschnitt Niemtsch erreichen Sie ganz bequem zu Fu\u00df in nur 3 Minuten (ca. 250 m). Dort erwartet Sie:<\/p>\n<ul>\n<li>langer Strand mit gro\u00dfer Liegewiese<\/li>\n<li>kleiner abgetrennter Hundestrand<\/li>\n<li>Spielplatz\/ Volleyballfeld<\/li>\n<li>Imbiss\/ Eis\/ Restaurant<\/li>\n<li>Surf-, Segel-, Tretbootverleih<\/li>\n<li>Dampferanlegestelle &#8222;Santa Barbara&#8220;<\/li>\n<li>Liegeradverleih<\/li>\n<\/ul>\n","protected":false},"excerpt":{"rendered":"<p>Unsere Ferienwohnung am Senftenberger See Wir begr\u00fc\u00dfen Sie in unserer modernen Ferienwohnung direkt am Senftenberger See im Ortsteil Niemtsch der Stadt Senftenberg. Sie haben ca. 250 m Fu\u00dfweg zum Strand, etwa 2 km zur n\u00e4chsten Einkaufsm\u00f6glichkeit und ca. 2 km bis in das Stadtzentrum von Senftenberg. Ausstattung der Ferienwohnung: ca. 35 qm f\u00fcr 2 Personen [&hellip;]<\/p>\n","protected":false},"author":1,"featured_media":0,"parent":0,"menu_order":1,"comment_status":"closed","ping_status":"open","template":"","meta":[],"_links":{"self":[{"href":"http:\/\/fewo-niemtsch.de\/index.php\/wp-json\/wp\/v2\/pages\/4"}],"collection":[{"href":"http:\/\/fewo-niemtsch.de\/index.php\/wp-json\/wp\/v2\/pages"}],"about":[{"href":"http:\/\/fewo-niemtsch.de\/index.php\/wp-json\/wp\/v2\/types\/page"}],"author":[{"embeddable":true,"href":"http:\/\/fewo-niemtsch.de\/index.php\/wp-json\/wp\/v2\/users\/1"}],"replies":[{"embeddable":true,"href":"http:\/\/fewo-niemtsch.de\/index.php\/wp-json\/wp\/v2\/comments?post=4"}],"version-history":[{"count":61,"href":"http:\/\/fewo-niemtsch.de\/index.php\/wp-json\/wp\/v2\/pages\/4\/revisions"}],"predecessor-version":[{"id":377,"href":"http:\/\/fewo-niemtsch.de\/index.php\/wp-json\/wp\/v2\/pages\/4\/revisions\/377"}],"wp:attachment":[{"href":"http:\/\/fewo-niemtsch.de\/index.php\/wp-json\/wp\/v2\/media?parent=4"}],"curies":[{"name":"wp","href":"https:\/\/api.w.org\/{rel}","templated":true}]}}