{"id":23,"date":"2011-05-07T09:49:09","date_gmt":"2011-05-07T09:49:09","guid":{"rendered":"http:\/\/fewo-niemtsch.de\/wordpress\/?page_id=23"},"modified":"2012-02-28T17:23:34","modified_gmt":"2012-02-28T17:23:34","slug":"umgebung","status":"publish","type":"page","link":"http:\/\/fewo-niemtsch.de\/index.php\/umgebung\/","title":{"rendered":"Umgebung"},"content":{"rendered":"<p><strong>Senftenberger See und Umgebung:<\/strong><\/p>\n<p>Mit einer Wasserfl\u00e4che von 1300 ha und einer Uferl\u00e4nge von 18 km z\u00e4hlt der Senftenberger See zu den gr\u00f6\u00dften k\u00fcnstlich angelegten Seen Deutschlands. Die Wasserqualit\u00e4t ist sehr gut und wurde schon mehrfach mit der &#8222;blauen Flagge&#8220; ausgezeichnet. Sie wird regelm\u00e4\u00dfig durch unabh\u00e4ngige Organisationen \u00fcberwacht.<\/p>\n<p><a href=\"http:\/\/fewo-niemtsch.de\/wordpress\/wp-content\/uploads\/2011\/05\/see01.jpg\"><img decoding=\"async\" loading=\"lazy\" class=\"alignleft size-thumbnail wp-image-281\" title=\"see01\" src=\"http:\/\/fewo-niemtsch.de\/wordpress\/wp-content\/uploads\/2011\/05\/see01-150x114.jpg\" alt=\"\" width=\"150\" height=\"114\" srcset=\"http:\/\/fewo-niemtsch.de\/wordpress\/wp-content\/uploads\/2011\/05\/see01-150x114.jpg 150w, http:\/\/fewo-niemtsch.de\/wordpress\/wp-content\/uploads\/2011\/05\/see01-300x228.jpg 300w, http:\/\/fewo-niemtsch.de\/wordpress\/wp-content\/uploads\/2011\/05\/see01.jpg 500w\" sizes=\"(max-width: 150px) 100vw, 150px\" \/><\/a><a href=\"http:\/\/fewo-niemtsch.de\/wordpress\/wp-content\/uploads\/2011\/05\/see021.jpg\"><img decoding=\"async\" loading=\"lazy\" src=\"http:\/\/fewo-niemtsch.de\/wordpress\/wp-content\/uploads\/2011\/05\/see021-150x114.jpg\" alt=\"\" title=\"see02\" width=\"150\" height=\"114\" class=\"alignleft size-thumbnail wp-image-285\" srcset=\"http:\/\/fewo-niemtsch.de\/wordpress\/wp-content\/uploads\/2011\/05\/see021-150x114.jpg 150w, http:\/\/fewo-niemtsch.de\/wordpress\/wp-content\/uploads\/2011\/05\/see021-300x228.jpg 300w, http:\/\/fewo-niemtsch.de\/wordpress\/wp-content\/uploads\/2011\/05\/see021.jpg 500w\" sizes=\"(max-width: 150px) 100vw, 150px\" \/><\/a><a href=\"http:\/\/fewo-niemtsch.de\/wordpress\/wp-content\/uploads\/2011\/05\/see03.jpg\"><img decoding=\"async\" loading=\"lazy\" class=\"alignleft size-thumbnail wp-image-283\" title=\"see03\" src=\"http:\/\/fewo-niemtsch.de\/wordpress\/wp-content\/uploads\/2011\/05\/see03-150x114.jpg\" alt=\"\" width=\"150\" height=\"114\" srcset=\"http:\/\/fewo-niemtsch.de\/wordpress\/wp-content\/uploads\/2011\/05\/see03-150x114.jpg 150w, http:\/\/fewo-niemtsch.de\/wordpress\/wp-content\/uploads\/2011\/05\/see03-300x228.jpg 300w, http:\/\/fewo-niemtsch.de\/wordpress\/wp-content\/uploads\/2011\/05\/see03.jpg 500w\" sizes=\"(max-width: 150px) 100vw, 150px\" \/><\/a><br \/>\n<strong><\/strong><br \/>\n<strong><\/strong><br \/>\n<strong><\/strong><br \/>\n<strong><\/strong><br \/>\n<strong><\/strong><br \/>\n<strong><\/strong><br \/>\n<strong><\/strong><br \/>\n<strong><\/strong><br \/>\n<strong><\/strong><br \/>\nDie abwechslungsreiche Umgebung des Senftenberger Sees bietet Ihnen unz\u00e4hlige M\u00f6glichkeiten f\u00fcr eine aktive Freizeitgestaltung. Sie k\u00f6nnen unter anderem schwimmen, surfen, segeln, angeln, wandern und Rad fahren. Vor allem in den Sommermonaten finden regelm\u00e4\u00dfig zahlreiche sportliche und kulturelle Veranstaltungen statt. Vom traditionellen Seelauf oder Triathlon bis hin zu Musicals, Shows und dem Kinosommer im\u00a0<strong><a href=\"http:\/\/www.amphitheater-senftenberg.de\/\" target=\"_blank\">Amphitheater<\/a><\/strong> reicht die Palette.<\/p>\n<p>Wetterunabh\u00e4ngiger Wintersport ist auf der 130 m langen Piste in der <strong><a href=\"http:\/\/www.snowtropolis.de\/\" target=\"_blank\">Skihalle Snowtropolis<\/a><\/strong> m\u00f6glich. Gleich nebenan, im urigen Restaurant <strong><a href=\"http:\/\/www.tiroler-stadl.de\/stadl\" target=\"_blank\">Tiroler Stadl<\/a><\/strong> befindet sich eine Bowling-Bahn. Rennsportfreunde kommen auf dem <strong><a href=\"http:\/\/www.eurospeedway.de\/\" target=\"_blank\">Eurospeedway Lausitz<\/a><\/strong> auf Ihre Kosten.<\/p>\n<p>Genie\u00dfen Sie das umfangreiche Kulturprogramm in der <strong><a href=\"http:\/\/www.theater-senftenberg.de\/\" target=\"_blank\">Neuen B\u00fchne<\/a><\/strong>, besuchen Sie das <strong><a href=\"http:\/\/museum.kreis-osl.de\/museum\/index.php?option=com_content&amp;view=article&amp;id=59&amp;Itemid=14\" target=\"_blank\">Schloss Senftenberg<\/a><\/strong> oder den <strong><a href=\"http:\/\/www.museumshof-grosskoschen.de\/\" target=\"_blank\">Museumshof<\/a><\/strong> in Gro\u00dfkoschen. Ein tierisches Vergn\u00fcgen erleben Sie im <strong><a href=\"http:\/\/www.tierpark-senftenberg.de\/\" target=\"_blank\">Tierpark Senftenberg<\/a><\/strong>. Im Stadtzentrum von Senftenberg k\u00f6nnen Sie nach Herzenlust shoppen und schlemmen. Exklusive Wellnessangebote stehen Ihnen im <strong><a href=\"http:\/\/www.lausitztherme.de\/\" target=\"_blank\">Wellnesshotel Seeschl\u00f6sschen<\/a><\/strong> (Buchwalde) zur Verf\u00fcgung.<\/p>\n<p><strong>Ausgehen in Senftenberg:<\/strong><\/p>\n<ul>\n<li><strong><a href=\"http:\/\/www.pickup-nights.de\/\" target=\"_blank\">PickUp<\/a><\/strong> (Cocktailbar)<\/li>\n<li><strong><a href=\"http:\/\/www.galliani-club-lounge.de\" target=\"_blank\">Galliani<\/a><\/strong> (Club, Cocktaillounge)<\/li>\n<li><strong><a href=\"http:\/\/www.erlebnisbowling.de\/\" target=\"_blank\">Strike Bowling Bar<\/a><\/strong><\/li>\n<li><strong><a href=\"http:\/\/www.wandelhof-online.de\/\" target=\"_blank\">Wandelhof Schwarzheide<\/a><\/strong> (Disco, Tanzcaf\u00e9, Bowling, Kino)<\/li>\n<li><strong><a href=\"http:\/\/www.hotel-leonwood.de\/\" target=\"_blank\">Lido<\/a><\/strong> (Europas gr\u00f6\u00dftes Blockhaushotel mit Gourmet-Restaurant)<\/li>\n<\/ul>\n<p>&nbsp;<\/p>\n<p><strong>weitere Ausflugsziele:<\/strong><\/p>\n<ul>\n<li>Spreewald<\/li>\n<li><strong><a href=\"http:\/\/www.f60.de\/\" target=\"_blank\">F60<\/a><\/strong> (Besucherbergwerk mit F\u00f6rderbr\u00fccke)<\/li>\n<li><strong><a href=\"http:\/\/www.iba-see2010.de\/\" target=\"_blank\">IBA Terrassen Gro\u00dfr\u00e4schen<\/a><\/strong><\/li>\n<li><strong><a href=\"http:\/\/www.tropical-islands.de\/\" target=\"_blank\">Tropical Island<\/a><\/strong><\/li>\n<li>Dresden<\/li>\n<li>Berlin<\/li>\n<\/ul>\n","protected":false},"excerpt":{"rendered":"<p>Senftenberger See und Umgebung: Mit einer Wasserfl\u00e4che von 1300 ha und einer Uferl\u00e4nge von 18 km z\u00e4hlt der Senftenberger See zu den gr\u00f6\u00dften k\u00fcnstlich angelegten Seen Deutschlands. Die Wasserqualit\u00e4t ist sehr gut und wurde schon mehrfach mit der &#8222;blauen Flagge&#8220; ausgezeichnet. Sie wird regelm\u00e4\u00dfig durch unabh\u00e4ngige Organisationen \u00fcberwacht. Die abwechslungsreiche Umgebung des Senftenberger Sees bietet [&hellip;]<\/p>\n","protected":false},"author":1,"featured_media":0,"parent":0,"menu_order":4,"comment_status":"closed","ping_status":"closed","template":"","meta":[],"_links":{"self":[{"href":"http:\/\/fewo-niemtsch.de\/index.php\/wp-json\/wp\/v2\/pages\/23"}],"collection":[{"href":"http:\/\/fewo-niemtsch.de\/index.php\/wp-json\/wp\/v2\/pages"}],"about":[{"href":"http:\/\/fewo-niemtsch.de\/index.php\/wp-json\/wp\/v2\/types\/page"}],"author":[{"embeddable":true,"href":"http:\/\/fewo-niemtsch.de\/index.php\/wp-json\/wp\/v2\/users\/1"}],"replies":[{"embeddable":true,"href":"http:\/\/fewo-niemtsch.de\/index.php\/wp-json\/wp\/v2\/comments?post=23"}],"version-history":[{"count":39,"href":"http:\/\/fewo-niemtsch.de\/index.php\/wp-json\/wp\/v2\/pages\/23\/revisions"}],"predecessor-version":[{"id":314,"href":"http:\/\/fewo-niemtsch.de\/index.php\/wp-json\/wp\/v2\/pages\/23\/revisions\/314"}],"wp:attachment":[{"href":"http:\/\/fewo-niemtsch.de\/index.php\/wp-json\/wp\/v2\/media?parent=23"}],"curies":[{"name":"wp","href":"https:\/\/api.w.org\/{rel}","templated":true}]}}