{"id":13,"date":"2011-05-07T09:40:06","date_gmt":"2011-05-07T09:40:06","guid":{"rendered":"http:\/\/fewo-niemtsch.de\/wordpress\/?page_id=13"},"modified":"2024-10-30T12:09:09","modified_gmt":"2024-10-30T12:09:09","slug":"preise","status":"publish","type":"page","link":"http:\/\/fewo-niemtsch.de\/index.php\/preise\/","title":{"rendered":"Preise"},"content":{"rendered":"<p>Zimmerpreise:<\/p>\n<table style=\"height: 94px;\" border=\"0\" width=\"425\" cellspacing=\"0\" cellpadding=\"0\">\n<tbody>\n<tr>\n<td style=\"vertical-align: middle; background-color: #ecffcf; width: 200px;\"><\/td>\n<td style=\"vertical-align: middle; background-color: #ecffcf; width: 70px;\"><strong>1<br \/>\nNacht<br \/>\n<\/strong><\/td>\n<td style=\"vertical-align: middle; background-color: #ecffcf; width: 70px;\"><strong>ab 2- 4<br \/>\nN\u00e4chte<br \/>\n<\/strong><\/td>\n<td style=\"vertical-align: middle; background-color: #ecffcf; width: 80px;\"><strong>ab 5 N\u00e4chte<\/strong><\/td>\n<\/tr>\n<tr>\n<td style=\"vertical-align: middle; background-color: #d4ff90; width: 200px; padding-left: 40px;\"><strong> Zimmer <\/strong>(max. 2 Personen)<\/td>\n<td style=\"vertical-align: middle; background-color: #d4ff90; width: 70px;\">75 \u20ac*<\/td>\n<td style=\"vertical-align: middle; background-color: #d4ff90; width: 70px;\">60 \u20ac*<\/td>\n<td style=\"vertical-align: middle; background-color: #d4ff90; width: 80px;\">55 \u20ac*<\/td>\n<\/tr>\n<\/tbody>\n<\/table>\n<p>*Preise gelten pro Nacht und zzgl. einmalig 20 \u20ac f\u00fcr die Endreinigung.<\/p>\n<p>Preise f\u00fcr Langzeitvermietungen erhalten Sie nach Absprache. Bitte nutzen Sie unser <strong><a title=\"Kontakt\" href=\"http:\/\/fewo-niemtsch.de\/wordpress\/index.php\/kontakt\/\">Kontaktformular<\/a><\/strong> um uns Ihr gew\u00fcnschtes Aufenthaltsdatum mitzuteilen. Wir werden uns dann umgehend mit Ihnen in Verbindung setzen.<\/p>\n<p>Auch einen Einkaufsservice k\u00f6nnen Sie ebenfalls bei der Buchung erfragen.<\/p>\n","protected":false},"excerpt":{"rendered":"<p>Zimmerpreise: 1 Nacht ab 2- 4 N\u00e4chte ab 5 N\u00e4chte Zimmer (max. 2 Personen) 75 \u20ac* 60 \u20ac* 55 \u20ac* *Preise gelten pro Nacht und zzgl. einmalig 20 \u20ac f\u00fcr die Endreinigung. Preise f\u00fcr Langzeitvermietungen erhalten Sie nach Absprache. Bitte nutzen Sie unser Kontaktformular um uns Ihr gew\u00fcnschtes Aufenthaltsdatum mitzuteilen. Wir werden uns dann umgehend [&hellip;]<\/p>\n","protected":false},"author":1,"featured_media":0,"parent":0,"menu_order":2,"comment_status":"closed","ping_status":"closed","template":"","meta":[],"_links":{"self":[{"href":"http:\/\/fewo-niemtsch.de\/index.php\/wp-json\/wp\/v2\/pages\/13"}],"collection":[{"href":"http:\/\/fewo-niemtsch.de\/index.php\/wp-json\/wp\/v2\/pages"}],"about":[{"href":"http:\/\/fewo-niemtsch.de\/index.php\/wp-json\/wp\/v2\/types\/page"}],"author":[{"embeddable":true,"href":"http:\/\/fewo-niemtsch.de\/index.php\/wp-json\/wp\/v2\/users\/1"}],"replies":[{"embeddable":true,"href":"http:\/\/fewo-niemtsch.de\/index.php\/wp-json\/wp\/v2\/comments?post=13"}],"version-history":[{"count":94,"href":"http:\/\/fewo-niemtsch.de\/index.php\/wp-json\/wp\/v2\/pages\/13\/revisions"}],"predecessor-version":[{"id":380,"href":"http:\/\/fewo-niemtsch.de\/index.php\/wp-json\/wp\/v2\/pages\/13\/revisions\/380"}],"wp:attachment":[{"href":"http:\/\/fewo-niemtsch.de\/index.php\/wp-json\/wp\/v2\/media?parent=13"}],"curies":[{"name":"wp","href":"https:\/\/api.w.org\/{rel}","templated":true}]}}